{"id":5292,"date":"2025-09-30T22:11:07","date_gmt":"2025-09-30T20:11:07","guid":{"rendered":"https:\/\/test.lampart.org.pl\/blog\/?page_id=5292"},"modified":"2025-11-12T19:51:38","modified_gmt":"2025-11-12T18:51:38","slug":"elementor-5292","status":"publish","type":"page","link":"https:\/\/test.lampart.org.pl\/blog\/elementor-5292\/","title":{"rendered":"Pokazy"},"content":{"rendered":"\t\t<div data-elementor-type=\"wp-page\" data-elementor-id=\"5292\" class=\"elementor elementor-5292\">\n\t\t\t\t<div class=\"elementor-element elementor-element-8509d6f e-flex e-con-boxed e-con e-parent\" data-id=\"8509d6f\" data-element_type=\"container\" data-e-type=\"container\">\n\t\t\t\t\t<div class=\"e-con-inner\">\n\t\t\t\t<div class=\"elementor-element elementor-element-01021f4 elementor-widget elementor-widget-text-editor\" data-id=\"01021f4\" data-element_type=\"widget\" data-e-type=\"widget\" data-widget_type=\"text-editor.default\">\n\t\t\t\t\t\t\t\t\t<h2 style=\"text-align: center;\">Pokazy tradycyjnego KUNG FU<\/h2>\t\t\t\t\t\t\t\t<\/div>\n\t\t\t\t\t<\/div>\n\t\t\t\t<\/div>\n\t\t<div class=\"elementor-element elementor-element-44d5b51 e-flex e-con-boxed e-con e-parent\" data-id=\"44d5b51\" data-element_type=\"container\" data-e-type=\"container\">\n\t\t\t\t\t<div class=\"e-con-inner\">\n\t\t\t\t<div class=\"elementor-element elementor-element-17e43fd elementor-widget elementor-widget-spacer\" data-id=\"17e43fd\" data-element_type=\"widget\" data-e-type=\"widget\" data-widget_type=\"spacer.default\">\n\t\t\t\t\t\t\t<div class=\"elementor-spacer\">\n\t\t\t<div class=\"elementor-spacer-inner\"><\/div>\n\t\t<\/div>\n\t\t\t\t\t\t<\/div>\n\t\t\t\t\t<\/div>\n\t\t\t\t<\/div>\n\t\t<div class=\"elementor-element elementor-element-ba24a60 e-con-full e-flex e-con e-parent\" data-id=\"ba24a60\" data-element_type=\"container\" data-e-type=\"container\">\n\t\t<div class=\"elementor-element elementor-element-fdc75d6 e-con-full e-flex e-con e-child\" data-id=\"fdc75d6\" data-element_type=\"container\" data-e-type=\"container\">\n\t\t<div class=\"elementor-element elementor-element-2b7e7df e-con-full e-flex e-con e-child\" data-id=\"2b7e7df\" data-element_type=\"container\" data-e-type=\"container\">\n\t\t\t\t<div class=\"elementor-element elementor-element-ce02fe2 elementor-widget elementor-widget-text-editor\" data-id=\"ce02fe2\" data-element_type=\"widget\" data-e-type=\"widget\" data-widget_type=\"text-editor.default\">\n\t\t\t\t\t\t\t\t\t<h3>Pokazy z tradycyjn\u0105 chi\u0144sk\u0105 broni\u0105<\/h3>\t\t\t\t\t\t\t\t<\/div>\n\t\t<div class=\"elementor-element elementor-element-bb977bf e-con-full e-flex e-con e-child\" data-id=\"bb977bf\" data-element_type=\"container\" data-e-type=\"container\" data-settings=\"{&quot;background_background&quot;:&quot;classic&quot;}\">\n\t\t\t\t<div class=\"elementor-element elementor-element-3b6b986 elementor-widget elementor-widget-text-editor\" data-id=\"3b6b986\" data-element_type=\"widget\" data-e-type=\"widget\" data-widget_type=\"text-editor.default\">\n\t\t\t\t\t\t\t\t\t<p>Klub organizuje pokazy tradycyjnego Kung Fu na publicznych imprezach, wydarzeniach sportowych, piknikach. Grupa wieloletnich zawodnik\u00f3w prezentuje przekr\u00f3j stylu Choy Lee Fut wykonuj\u0105c dynamiczne, widowiskowe uk\u0142ady wykonywane grupowo, dw\u00f3jkami lub solo. Prezentacja sk\u0142ada si\u0119 z form r\u0119cznych oraz z tradycyjn\u0105 chi\u0144sk\u0105 broni\u0105, jak szabla, miecz, w\u0142\u00f3cznia, halabarda, kij flagowy czy wachlarz. Jeste\u015bmy otwarci na wsp\u00f3\u0142prac\u0119, zapraszamy do kontaktu e-mail w celu zam\u00f3wienia pokazu na wydarzeniu.<\/p>\t\t\t\t\t\t\t\t<\/div>\n\t\t\t\t<\/div>\n\t\t\t\t<\/div>\n\t\t\t\t<\/div>\n\t\t<div class=\"elementor-element elementor-element-1731e0a e-con-full e-flex e-con e-child\" data-id=\"1731e0a\" data-element_type=\"container\" data-e-type=\"container\">\n\t\t<div class=\"elementor-element elementor-element-fc7e467 e-con-full e-flex e-con e-child\" data-id=\"fc7e467\" data-element_type=\"container\" data-e-type=\"container\">\n\t\t\t\t<div class=\"elementor-element elementor-element-2f7eb69 elementor-widget elementor-widget-spacer\" data-id=\"2f7eb69\" data-element_type=\"widget\" data-e-type=\"widget\" data-widget_type=\"spacer.default\">\n\t\t\t\t\t\t\t<div class=\"elementor-spacer\">\n\t\t\t<div class=\"elementor-spacer-inner\"><\/div>\n\t\t<\/div>\n\t\t\t\t\t\t<\/div>\n\t\t\t\t<div class=\"elementor-element elementor-element-e07abd5 elementor-widget elementor-widget-image\" data-id=\"e07abd5\" data-element_type=\"widget\" data-e-type=\"widget\" data-widget_type=\"image.default\">\n\t\t\t\t\t\t\t\t\t\t\t\t\t\t\t<img fetchpriority=\"high\" decoding=\"async\" width=\"1024\" height=\"705\" src=\"https:\/\/test.lampart.org.pl\/blog\/wp-content\/uploads\/2022\/12\/120065043_1577420115764214_7287132007449401035_n-1-1024x705.jpg\" class=\"attachment-large size-large wp-image-4045\" alt=\"\" srcset=\"https:\/\/test.lampart.org.pl\/blog\/wp-content\/uploads\/2022\/12\/120065043_1577420115764214_7287132007449401035_n-1-1024x705.jpg 1024w, https:\/\/test.lampart.org.pl\/blog\/wp-content\/uploads\/2022\/12\/120065043_1577420115764214_7287132007449401035_n-1-300x207.jpg 300w, https:\/\/test.lampart.org.pl\/blog\/wp-content\/uploads\/2022\/12\/120065043_1577420115764214_7287132007449401035_n-1-768x529.jpg 768w, https:\/\/test.lampart.org.pl\/blog\/wp-content\/uploads\/2022\/12\/120065043_1577420115764214_7287132007449401035_n-1-1536x1058.jpg 1536w, https:\/\/test.lampart.org.pl\/blog\/wp-content\/uploads\/2022\/12\/120065043_1577420115764214_7287132007449401035_n-1.jpg 1834w\" sizes=\"(max-width: 1024px) 100vw, 1024px\" \/>\t\t\t\t\t\t\t\t\t\t\t\t\t\t\t<\/div>\n\t\t\t\t<\/div>\n\t\t\t\t<\/div>\n\t\t\t\t<\/div>\n\t\t<div class=\"elementor-element elementor-element-ca7eeb5 e-flex e-con-boxed e-con e-parent\" data-id=\"ca7eeb5\" data-element_type=\"container\" data-e-type=\"container\">\n\t\t\t\t\t<div class=\"e-con-inner\">\n\t\t\t\t<div class=\"elementor-element elementor-element-0352112 elementor-widget elementor-widget-spacer\" data-id=\"0352112\" data-element_type=\"widget\" data-e-type=\"widget\" data-widget_type=\"spacer.default\">\n\t\t\t\t\t\t\t<div class=\"elementor-spacer\">\n\t\t\t<div class=\"elementor-spacer-inner\"><\/div>\n\t\t<\/div>\n\t\t\t\t\t\t<\/div>\n\t\t\t\t\t<\/div>\n\t\t\t\t<\/div>\n\t\t<div class=\"elementor-element elementor-element-ad7ee11 e-con-full e-flex e-con e-parent\" data-id=\"ad7ee11\" data-element_type=\"container\" data-e-type=\"container\">\n\t\t<div class=\"elementor-element elementor-element-50c3e89 e-con-full e-flex e-con e-child\" data-id=\"50c3e89\" data-element_type=\"container\" data-e-type=\"container\">\n\t\t<div class=\"elementor-element elementor-element-c07ca89 e-con-full e-flex e-con e-child\" data-id=\"c07ca89\" data-element_type=\"container\" data-e-type=\"container\">\n\t\t\t\t<div class=\"elementor-element elementor-element-5cb4ae8 elementor-widget elementor-widget-spacer\" data-id=\"5cb4ae8\" data-element_type=\"widget\" data-e-type=\"widget\" data-widget_type=\"spacer.default\">\n\t\t\t\t\t\t\t<div class=\"elementor-spacer\">\n\t\t\t<div class=\"elementor-spacer-inner\"><\/div>\n\t\t<\/div>\n\t\t\t\t\t\t<\/div>\n\t\t\t\t<div class=\"elementor-element elementor-element-b1cf34a elementor-widget elementor-widget-image\" data-id=\"b1cf34a\" data-element_type=\"widget\" data-e-type=\"widget\" data-widget_type=\"image.default\">\n\t\t\t\t\t\t\t\t\t\t\t\t\t\t\t<img decoding=\"async\" width=\"1024\" height=\"1024\" data-src=\"https:\/\/test.lampart.org.pl\/blog\/wp-content\/uploads\/2023\/06\/DSC_3387-scaled-1024x1024.jpg\" class=\"attachment-large size-large wp-image-4420 lazyload\" alt=\"\" data-srcset=\"https:\/\/test.lampart.org.pl\/blog\/wp-content\/uploads\/2023\/06\/DSC_3387-scaled-1024x1024.jpg 1024w, https:\/\/test.lampart.org.pl\/blog\/wp-content\/uploads\/2023\/06\/DSC_3387-scaled-300x300.jpg 300w, https:\/\/test.lampart.org.pl\/blog\/wp-content\/uploads\/2023\/06\/DSC_3387-scaled-150x150.jpg 150w, https:\/\/test.lampart.org.pl\/blog\/wp-content\/uploads\/2023\/06\/DSC_3387-scaled-768x768.jpg 768w, https:\/\/test.lampart.org.pl\/blog\/wp-content\/uploads\/2023\/06\/DSC_3387-scaled-1536x1536.jpg 1536w, https:\/\/test.lampart.org.pl\/blog\/wp-content\/uploads\/2023\/06\/DSC_3387-scaled-400x400.jpg 400w, https:\/\/test.lampart.org.pl\/blog\/wp-content\/uploads\/2023\/06\/DSC_3387-scaled-512x512.jpg 512w, https:\/\/test.lampart.org.pl\/blog\/wp-content\/uploads\/2023\/06\/DSC_3387-scaled.jpg 1706w\" data-sizes=\"(max-width: 1024px) 100vw, 1024px\" src=\"data:image\/svg+xml;base64,PHN2ZyB3aWR0aD0iMSIgaGVpZ2h0PSIxIiB4bWxucz0iaHR0cDovL3d3dy53My5vcmcvMjAwMC9zdmciPjwvc3ZnPg==\" style=\"--smush-placeholder-width: 1024px; --smush-placeholder-aspect-ratio: 1024\/1024;\" \/>\t\t\t\t\t\t\t\t\t\t\t\t\t\t\t<\/div>\n\t\t\t\t<\/div>\n\t\t\t\t<\/div>\n\t\t<div class=\"elementor-element elementor-element-f061381 e-con-full e-flex e-con e-child\" data-id=\"f061381\" data-element_type=\"container\" data-e-type=\"container\">\n\t\t\t\t<div class=\"elementor-element elementor-element-0d36ca2 elementor-widget elementor-widget-text-editor\" data-id=\"0d36ca2\" data-element_type=\"widget\" data-e-type=\"widget\" data-widget_type=\"text-editor.default\">\n\t\t\t\t\t\t\t\t\t<h3>Taniec Walcz\u0105cego Lwa<\/h3>\t\t\t\t\t\t\t\t<\/div>\n\t\t<div class=\"elementor-element elementor-element-024080d e-con-full e-flex e-con e-child\" data-id=\"024080d\" data-element_type=\"container\" data-e-type=\"container\" data-settings=\"{&quot;background_background&quot;:&quot;classic&quot;}\">\n\t\t\t\t<div class=\"elementor-element elementor-element-8c74b41 elementor-widget elementor-widget-text-editor\" data-id=\"8c74b41\" data-element_type=\"widget\" data-e-type=\"widget\" data-widget_type=\"text-editor.default\">\n\t\t\t\t\t\t\t\t\t<p>Elementem pokazu mo\u017ce by\u0107 te\u017c Taniec Walcz\u0105cego Lwa Choy Lee Fut maj\u0105cy wed\u0142ug chi\u0144skich przekona\u0144 przynie\u015b\u0107 szcz\u0119\u015bcie i odegna\u0107 z\u0142e duchy. Z tego powodu wykonywany jest cz\u0119sto na obchodach Chi\u0144skiego Nowego Roku, weselach, czy otwarciu lokali. Ta\u0144czony jest przez dwie osoby w kostiumie mitycznego Lwa w akompaniamencie rytmu wybijanego przez b\u0119ben, talerze oraz gong. Wykonanie szczeg\u00f3\u0142owej, symbolicznej choreografii jest wymagaj\u0105ce fizycznie i wymaga od tancerzy wiele godzin treningu. Przeczytaj wi\u0119cej o Ta\u0144cu Walcz\u0105cego Lwa.<\/p>\t\t\t\t\t\t\t\t<\/div>\n\t\t\t\t<\/div>\n\t\t\t\t<\/div>\n\t\t\t\t<\/div>\n\t\t<div class=\"elementor-element elementor-element-c7b29ac e-flex e-con-boxed e-con e-parent\" data-id=\"c7b29ac\" data-element_type=\"container\" data-e-type=\"container\">\n\t\t\t\t\t<div class=\"e-con-inner\">\n\t\t\t\t<div class=\"elementor-element elementor-element-2c7b55e elementor-widget elementor-widget-spacer\" data-id=\"2c7b55e\" data-element_type=\"widget\" data-e-type=\"widget\" data-widget_type=\"spacer.default\">\n\t\t\t\t\t\t\t<div class=\"elementor-spacer\">\n\t\t\t<div class=\"elementor-spacer-inner\"><\/div>\n\t\t<\/div>\n\t\t\t\t\t\t<\/div>\n\t\t\t\t\t<\/div>\n\t\t\t\t<\/div>\n\t\t<div class=\"elementor-element elementor-element-960266d e-con-full e-flex e-con e-parent\" data-id=\"960266d\" data-element_type=\"container\" data-e-type=\"container\">\n\t\t<div class=\"elementor-element elementor-element-897a351 e-con-full e-flex e-con e-child\" data-id=\"897a351\" data-element_type=\"container\" data-e-type=\"container\">\n\t\t<div class=\"elementor-element elementor-element-0f7e2c2 e-con-full e-flex e-con e-child\" data-id=\"0f7e2c2\" data-element_type=\"container\" data-e-type=\"container\">\n\t\t\t\t<div class=\"elementor-element elementor-element-1586f32 elementor-widget elementor-widget-text-editor\" data-id=\"1586f32\" data-element_type=\"widget\" data-e-type=\"widget\" data-widget_type=\"text-editor.default\">\n\t\t\t\t\t\t\t\t\t<h3>Nasze do\u015bwiadczenie<\/h3>\t\t\t\t\t\t\t\t<\/div>\n\t\t<div class=\"elementor-element elementor-element-62438af e-con-full e-flex e-con e-child\" data-id=\"62438af\" data-element_type=\"container\" data-e-type=\"container\" data-settings=\"{&quot;background_background&quot;:&quot;classic&quot;}\">\n\t\t\t\t<div class=\"elementor-element elementor-element-8c9789f elementor-widget elementor-widget-text-editor\" data-id=\"8c9789f\" data-element_type=\"widget\" data-e-type=\"widget\" data-widget_type=\"text-editor.default\">\n\t\t\t\t\t\t\t\t\t<p>Grupa regularnie organizuje pokazy umiej\u0119tno\u015bci na corocznym Eko Biegu Po Dolinie B\u0119dkowskiej. Wyst\u0105pili\u015bmy wielokrotnie tak\u017ce na Biegu Niepodleg\u0142o\u015bciowym w Bia\u0142ym Ko\u015bciele, a tak\u017ce w szko\u0142ach oraz na piknikach rodzinnych oraz imprezach organizowanych m.in. w Wi\u0119ckowicach, Kobylanach, Nielepicach, Rz\u0105sce.<\/p><p>Pokaz mo\u017ce by\u0107 uzupe\u0142niony o prezentacj\u0119 tradycyjnej chi\u0144skiej broni, pokaz samoobrony lub szk\u00f3\u0142k\u0119 dla publiczno\u015bci.<br \/>Co rok nasza grupa reprezentacyjna powi\u0119ksza swoje umiej\u0119tno\u015bci o nowe, zjawiskowe uk\u0142ady. Dajemy tak\u017ce szans\u0119 cz\u0142onkom \u0107wicz\u0105cym od niedawna do udzia\u0142u w pokazie i zaprezentowania swoich umiej\u0119tno\u015bci.<\/p>\t\t\t\t\t\t\t\t<\/div>\n\t\t\t\t<\/div>\n\t\t\t\t<\/div>\n\t\t\t\t<\/div>\n\t\t<div class=\"elementor-element elementor-element-258c059 e-con-full e-flex e-con e-child\" data-id=\"258c059\" data-element_type=\"container\" data-e-type=\"container\">\n\t\t<div class=\"elementor-element elementor-element-1030db7 e-con-full e-flex e-con e-child\" data-id=\"1030db7\" data-element_type=\"container\" data-e-type=\"container\">\n\t\t\t\t<div class=\"elementor-element elementor-element-6b9c62b elementor-widget elementor-widget-spacer\" data-id=\"6b9c62b\" data-element_type=\"widget\" data-e-type=\"widget\" data-widget_type=\"spacer.default\">\n\t\t\t\t\t\t\t<div class=\"elementor-spacer\">\n\t\t\t<div class=\"elementor-spacer-inner\"><\/div>\n\t\t<\/div>\n\t\t\t\t\t\t<\/div>\n\t\t\t\t<div class=\"elementor-element elementor-element-8d792de elementor-widget elementor-widget-image\" data-id=\"8d792de\" data-element_type=\"widget\" data-e-type=\"widget\" data-widget_type=\"image.default\">\n\t\t\t\t\t\t\t\t\t\t\t\t\t\t\t<img decoding=\"async\" width=\"1024\" height=\"683\" data-src=\"https:\/\/test.lampart.org.pl\/blog\/wp-content\/uploads\/2022\/08\/DSC_3616-1024x683.jpg\" class=\"attachment-large size-large wp-image-3833 lazyload\" alt=\"\" data-srcset=\"https:\/\/test.lampart.org.pl\/blog\/wp-content\/uploads\/2022\/08\/DSC_3616-1024x683.jpg 1024w, https:\/\/test.lampart.org.pl\/blog\/wp-content\/uploads\/2022\/08\/DSC_3616-300x200.jpg 300w, https:\/\/test.lampart.org.pl\/blog\/wp-content\/uploads\/2022\/08\/DSC_3616-768x512.jpg 768w, https:\/\/test.lampart.org.pl\/blog\/wp-content\/uploads\/2022\/08\/DSC_3616.jpg 1368w\" data-sizes=\"(max-width: 1024px) 100vw, 1024px\" src=\"data:image\/svg+xml;base64,PHN2ZyB3aWR0aD0iMSIgaGVpZ2h0PSIxIiB4bWxucz0iaHR0cDovL3d3dy53My5vcmcvMjAwMC9zdmciPjwvc3ZnPg==\" style=\"--smush-placeholder-width: 1024px; --smush-placeholder-aspect-ratio: 1024\/683;\" \/>\t\t\t\t\t\t\t\t\t\t\t\t\t\t\t<\/div>\n\t\t\t\t<\/div>\n\t\t\t\t<\/div>\n\t\t\t\t<\/div>\n\t\t\t\t<\/div>\n\t\t","protected":false},"excerpt":{"rendered":"<p>Pokazy tradycyjnego KUNG FU Pokazy z tradycyjn\u0105 chi\u0144sk\u0105 broni\u0105 Klub organizuje pokazy tradycyjnego Kung Fu na publicznych imprezach, wydarzeniach sportowych, piknikach. Grupa wieloletnich zawodnik\u00f3w prezentuje przekr\u00f3j stylu Choy Lee Fut wykonuj\u0105c dynamiczne, widowiskowe uk\u0142ady wykonywane grupowo, dw\u00f3jkami lub solo. Prezentacja sk\u0142ada si\u0119 z form r\u0119cznych oraz z tradycyjn\u0105 chi\u0144sk\u0105 broni\u0105, jak szabla, miecz, w\u0142\u00f3cznia, halabarda, &hellip;<\/p>\n","protected":false},"author":1,"featured_media":0,"parent":0,"menu_order":0,"comment_status":"closed","ping_status":"closed","template":"","meta":{"inline_featured_image":false,"_uag_custom_page_level_css":"","_monsterinsights_skip_tracking":false,"_monsterinsights_sitenote_active":false,"_monsterinsights_sitenote_note":"","_monsterinsights_sitenote_category":0,"footnotes":""},"class_list":["post-5292","page","type-page","status-publish","hentry","no-thumb"],"aioseo_notices":[],"uagb_featured_image_src":{"full":false,"thumbnail":false,"medium":false,"medium_large":false,"large":false,"1536x1536":false,"2048x2048":false,"post-thumbnail":false,"sensei-thumb-s":false,"sensei-thumb-m":false,"sensei-thumb-l":false,"sensei-thumb-xl":false,"sensei-author-avatar":false,"sensei-thumb-240-100":false,"sensei-thumb-560-390":false,"sensei-thumb-800-415":false},"uagb_author_info":{"display_name":"Darek","author_link":"https:\/\/test.lampart.org.pl\/blog\/author\/mariusz\/"},"uagb_comment_info":0,"uagb_excerpt":"Pokazy tradycyjnego KUNG FU Pokazy z tradycyjn\u0105 chi\u0144sk\u0105 broni\u0105 Klub organizuje pokazy tradycyjnego Kung Fu na publicznych imprezach, wydarzeniach sportowych, piknikach. Grupa wieloletnich zawodnik\u00f3w prezentuje przekr\u00f3j stylu Choy Lee Fut wykonuj\u0105c dynamiczne, widowiskowe uk\u0142ady wykonywane grupowo, dw\u00f3jkami lub solo. Prezentacja sk\u0142ada si\u0119 z form r\u0119cznych oraz z tradycyjn\u0105 chi\u0144sk\u0105 broni\u0105, jak szabla, miecz, w\u0142\u00f3cznia, halabarda,&hellip;","_links":{"self":[{"href":"https:\/\/test.lampart.org.pl\/blog\/wp-json\/wp\/v2\/pages\/5292","targetHints":{"allow":["GET"]}}],"collection":[{"href":"https:\/\/test.lampart.org.pl\/blog\/wp-json\/wp\/v2\/pages"}],"about":[{"href":"https:\/\/test.lampart.org.pl\/blog\/wp-json\/wp\/v2\/types\/page"}],"author":[{"embeddable":true,"href":"https:\/\/test.lampart.org.pl\/blog\/wp-json\/wp\/v2\/users\/1"}],"replies":[{"embeddable":true,"href":"https:\/\/test.lampart.org.pl\/blog\/wp-json\/wp\/v2\/comments?post=5292"}],"version-history":[{"count":6,"href":"https:\/\/test.lampart.org.pl\/blog\/wp-json\/wp\/v2\/pages\/5292\/revisions"}],"predecessor-version":[{"id":5360,"href":"https:\/\/test.lampart.org.pl\/blog\/wp-json\/wp\/v2\/pages\/5292\/revisions\/5360"}],"wp:attachment":[{"href":"https:\/\/test.lampart.org.pl\/blog\/wp-json\/wp\/v2\/media?parent=5292"}],"curies":[{"name":"wp","href":"https:\/\/api.w.org\/{rel}","templated":true}]}}