{"id":5273,"date":"2025-09-17T14:57:21","date_gmt":"2025-09-17T12:57:21","guid":{"rendered":"https:\/\/test.lampart.org.pl\/blog\/?page_id=5273"},"modified":"2025-11-12T19:49:33","modified_gmt":"2025-11-12T18:49:33","slug":"elementor-kontakt","status":"publish","type":"page","link":"https:\/\/test.lampart.org.pl\/blog\/elementor-kontakt\/","title":{"rendered":"Kontakt"},"content":{"rendered":"\t\t<div data-elementor-type=\"wp-page\" data-elementor-id=\"5273\" class=\"elementor elementor-5273\">\n\t\t\t\t<div class=\"elementor-element elementor-element-78025a2 e-con-full e-flex e-con e-parent\" data-id=\"78025a2\" data-element_type=\"container\" data-e-type=\"container\">\n\t\t\t\t<div class=\"elementor-element elementor-element-5f318f2 elementor-widget elementor-widget-text-editor\" data-id=\"5f318f2\" data-element_type=\"widget\" data-e-type=\"widget\" data-widget_type=\"text-editor.default\">\n\t\t\t\t\t\t\t\t\t<h2>Kontakt<\/h2>\t\t\t\t\t\t\t\t<\/div>\n\t\t\t\t<\/div>\n\t\t<div class=\"elementor-element elementor-element-f6b0314 e-con-full e-flex e-con e-parent\" data-id=\"f6b0314\" data-element_type=\"container\" data-e-type=\"container\">\n\t\t<div class=\"elementor-element elementor-element-ebbbb28 e-con-full e-flex e-con e-child\" data-id=\"ebbbb28\" data-element_type=\"container\" data-e-type=\"container\">\n\t\t<div class=\"elementor-element elementor-element-31fbad1 e-con-full e-flex e-con e-child\" data-id=\"31fbad1\" data-element_type=\"container\" data-e-type=\"container\">\n\t\t\t\t<div class=\"elementor-element elementor-element-aeca087 elementor-widget elementor-widget-text-editor\" data-id=\"aeca087\" data-element_type=\"widget\" data-e-type=\"widget\" data-widget_type=\"text-editor.default\">\n\t\t\t\t\t\t\t\t\t<div class=\"tm_pb_text tm_pb_module tm_pb_bg_layout_light tm_pb_text_align_left tm_pb_text_1\"><h4>Zabierzowski Klub Sportowy <br \/>Lampart<\/h4><p>+48 574 229 121<\/p><p>biuro@lampart.org.pl<\/p><p>32-082 Bolechowice, ul. Zielona 2A<\/p><\/div><div class=\"tm_pb_text tm_pb_module tm_pb_bg_layout_light tm_pb_text_align_left tm_pb_text_2\"><p>KRS: 0000793105<\/p><\/div>\t\t\t\t\t\t\t\t<\/div>\n\t\t\t\t<\/div>\n\t\t\t\t<\/div>\n\t\t<div class=\"elementor-element elementor-element-1851ae0 e-con-full e-flex e-con e-child\" data-id=\"1851ae0\" data-element_type=\"container\" data-e-type=\"container\">\n\t\t<div class=\"elementor-element elementor-element-488603a e-con-full e-flex e-con e-child\" data-id=\"488603a\" data-element_type=\"container\" data-e-type=\"container\">\n\t\t\t\t<div class=\"elementor-element elementor-element-b9e3a55 elementor-widget elementor-widget-text-editor\" data-id=\"b9e3a55\" data-element_type=\"widget\" data-e-type=\"widget\" data-widget_type=\"text-editor.default\">\n\t\t\t\t\t\t\t\t\t<h4>Dane konta<\/h4><p>Zabierzowski Klub Sportowy Lampart<\/p><p>77 1090 1665 0000 0001 4329 3242<\/p><p>W tytule przelewu nale\u017cy poda\u0107<br \/><strong>Sk\u0142adka cz\u0142onkowska, nazwisko i imi\u0119 uczestnika, miesi\u0105c i rok<br \/><\/strong>(np. Sk\u0142adka cz\u0142onkowska, Kowalski Jan, wrzesie\u0144 2022)<\/p><p>Sprawd\u017a:\u00a0<a href=\"https:\/\/lampart.org.pl\/platnosci\/\">wysoko\u015b\u0107 sk\u0142adek cz\u0142onkowskich.<\/a><\/p>\t\t\t\t\t\t\t\t<\/div>\n\t\t\t\t<\/div>\n\t\t\t\t<\/div>\n\t\t\t\t<\/div>\n\t\t<div class=\"elementor-element elementor-element-a1ec64f e-con-full e-flex e-con e-parent\" data-id=\"a1ec64f\" data-element_type=\"container\" data-e-type=\"container\">\n\t\t\t\t<div class=\"elementor-element elementor-element-94d3f38 elementor-widget elementor-widget-text-editor\" data-id=\"94d3f38\" data-element_type=\"widget\" data-e-type=\"widget\" data-widget_type=\"text-editor.default\">\n\t\t\t\t\t\t\t\t\t<h4 style=\"text-align: center;\">Zaj\u0119cia odbywaj\u0105 si\u0119 w hali\u00a0szko\u0142y NSP Horyzont:<\/h4>\t\t\t\t\t\t\t\t<\/div>\n\t\t\t\t<div class=\"elementor-element elementor-element-a5fd18b elementor-widget elementor-widget-google_maps\" data-id=\"a5fd18b\" data-element_type=\"widget\" data-e-type=\"widget\" data-widget_type=\"google_maps.default\">\n\t\t\t\t\t\t\t<div class=\"elementor-custom-embed\">\n\t\t\t<iframe\n\t\t\t\t\tdata-src=\"https:\/\/maps.google.com\/maps?q=ZKS%20Lampart%20Chan%20Family%20Choy%20Lee%20Fut&#038;t=m&#038;z=10&#038;output=embed&#038;iwloc=near\"\n\t\t\t\t\ttitle=\"ZKS Lampart Chan Family Choy Lee Fut\"\n\t\t\t\t\taria-label=\"ZKS Lampart Chan Family Choy Lee Fut\"\n\t\t\t src=\"data:image\/svg+xml;base64,PHN2ZyB3aWR0aD0iMSIgaGVpZ2h0PSIxIiB4bWxucz0iaHR0cDovL3d3dy53My5vcmcvMjAwMC9zdmciPjwvc3ZnPg==\" class=\"lazyload\" data-load-mode=\"1\"><\/iframe>\n\t\t<\/div>\n\t\t\t\t\t\t<\/div>\n\t\t\t\t<\/div>\n\t\t\t\t<\/div>\n\t\t","protected":false},"excerpt":{"rendered":"<p>Kontakt Zabierzowski Klub Sportowy Lampart +48 574 229 121 biuro@lampart.org.pl 32-082 Bolechowice, ul. Zielona 2A KRS: 0000793105 Dane konta Zabierzowski Klub Sportowy Lampart 77 1090 1665 0000 0001 4329 3242 W tytule przelewu nale\u017cy poda\u0107Sk\u0142adka cz\u0142onkowska, nazwisko i imi\u0119 uczestnika, miesi\u0105c i rok(np. Sk\u0142adka cz\u0142onkowska, Kowalski Jan, wrzesie\u0144 2022) Sprawd\u017a:\u00a0wysoko\u015b\u0107 sk\u0142adek cz\u0142onkowskich. Zaj\u0119cia odbywaj\u0105 si\u0119 &hellip;<\/p>\n","protected":false},"author":1,"featured_media":0,"parent":0,"menu_order":0,"comment_status":"closed","ping_status":"closed","template":"","meta":{"inline_featured_image":false,"_uag_custom_page_level_css":"","_monsterinsights_skip_tracking":false,"_monsterinsights_sitenote_active":false,"_monsterinsights_sitenote_note":"","_monsterinsights_sitenote_category":0,"footnotes":""},"class_list":["post-5273","page","type-page","status-publish","hentry","no-thumb"],"aioseo_notices":[],"uagb_featured_image_src":{"full":false,"thumbnail":false,"medium":false,"medium_large":false,"large":false,"1536x1536":false,"2048x2048":false,"post-thumbnail":false,"sensei-thumb-s":false,"sensei-thumb-m":false,"sensei-thumb-l":false,"sensei-thumb-xl":false,"sensei-author-avatar":false,"sensei-thumb-240-100":false,"sensei-thumb-560-390":false,"sensei-thumb-800-415":false},"uagb_author_info":{"display_name":"Darek","author_link":"https:\/\/test.lampart.org.pl\/blog\/author\/mariusz\/"},"uagb_comment_info":0,"uagb_excerpt":"Kontakt Zabierzowski Klub Sportowy Lampart +48 574 229 121 biuro@lampart.org.pl 32-082 Bolechowice, ul. Zielona 2A KRS: 0000793105 Dane konta Zabierzowski Klub Sportowy Lampart 77 1090 1665 0000 0001 4329 3242 W tytule przelewu nale\u017cy poda\u0107Sk\u0142adka cz\u0142onkowska, nazwisko i imi\u0119 uczestnika, miesi\u0105c i rok(np. Sk\u0142adka cz\u0142onkowska, Kowalski Jan, wrzesie\u0144 2022) Sprawd\u017a:\u00a0wysoko\u015b\u0107 sk\u0142adek cz\u0142onkowskich. Zaj\u0119cia odbywaj\u0105 si\u0119&hellip;","_links":{"self":[{"href":"https:\/\/test.lampart.org.pl\/blog\/wp-json\/wp\/v2\/pages\/5273","targetHints":{"allow":["GET"]}}],"collection":[{"href":"https:\/\/test.lampart.org.pl\/blog\/wp-json\/wp\/v2\/pages"}],"about":[{"href":"https:\/\/test.lampart.org.pl\/blog\/wp-json\/wp\/v2\/types\/page"}],"author":[{"embeddable":true,"href":"https:\/\/test.lampart.org.pl\/blog\/wp-json\/wp\/v2\/users\/1"}],"replies":[{"embeddable":true,"href":"https:\/\/test.lampart.org.pl\/blog\/wp-json\/wp\/v2\/comments?post=5273"}],"version-history":[{"count":5,"href":"https:\/\/test.lampart.org.pl\/blog\/wp-json\/wp\/v2\/pages\/5273\/revisions"}],"predecessor-version":[{"id":5353,"href":"https:\/\/test.lampart.org.pl\/blog\/wp-json\/wp\/v2\/pages\/5273\/revisions\/5353"}],"wp:attachment":[{"href":"https:\/\/test.lampart.org.pl\/blog\/wp-json\/wp\/v2\/media?parent=5273"}],"curies":[{"name":"wp","href":"https:\/\/api.w.org\/{rel}","templated":true}]}}