{"id":5236,"date":"2025-09-17T12:33:08","date_gmt":"2025-09-17T10:33:08","guid":{"rendered":"https:\/\/test.lampart.org.pl\/blog\/?page_id=5236"},"modified":"2025-11-12T19:51:00","modified_gmt":"2025-11-12T18:51:00","slug":"spectra-dokumenty","status":"publish","type":"page","link":"https:\/\/test.lampart.org.pl\/blog\/spectra-dokumenty\/","title":{"rendered":"Dokumenty"},"content":{"rendered":"\n<div class=\"wp-block-uagb-container uagb-block-f2a05082 alignfull uagb-is-root-container\"><div class=\"uagb-container-inner-blocks-wrap\">\n<h2><span style=\"color: #fce303;\"><span style=\"color: #fec303;\">DOKUMENTY<\/span><\/span><\/h2>\n\n\n\n<h4><span style=\"color: #ffffff;\">Dla uczestnik\u00f3w i rodzic\u00f3w<\/span><\/h4>\n\n\n\n<details class=\"wp-block-details has-luminous-vivid-amber-color has-text-color has-link-color wp-elements-3cd3edaf0b902da302a501046594e34b is-layout-flow wp-block-details-is-layout-flow\"><summary>ZKS Lampart regulamin<\/summary>\n<div data-wp-interactive=\"core\/file\" class=\"wp-block-file\"><object data-wp-bind--hidden=\"!state.hasPdfPreview\" hidden class=\"wp-block-file__embed\" data=\"https:\/\/test.lampart.org.pl\/blog\/wp-content\/uploads\/2023\/08\/ZKS_Lampart_regulamin.pdf\" type=\"application\/pdf\" style=\"width:100%;height:600px\" aria-label=\"Osadzone z ZKS_Lampart_regulamin.\"><\/object><a id=\"wp-block-file--media-d09086a7-8c10-4709-8e90-a27c703b34bd\" href=\"https:\/\/test.lampart.org.pl\/blog\/wp-content\/uploads\/2023\/08\/ZKS_Lampart_regulamin.pdf\">ZKS_Lampart_regulamin<\/a><a href=\"https:\/\/test.lampart.org.pl\/blog\/wp-content\/uploads\/2023\/08\/ZKS_Lampart_regulamin.pdf\" class=\"wp-block-file__button wp-element-button\" download aria-describedby=\"wp-block-file--media-d09086a7-8c10-4709-8e90-a27c703b34bd\">Pobierz<\/a><\/div>\n<\/details>\n\n\n\n<details class=\"wp-block-details has-luminous-vivid-amber-color has-text-color has-link-color wp-elements-0a0e098edc422bce84aaf66f17aa6deb is-layout-flow wp-block-details-is-layout-flow\"><summary>ZKS Lampart RODO<\/summary>\n<div data-wp-interactive=\"core\/file\" class=\"wp-block-file\"><object data-wp-bind--hidden=\"!state.hasPdfPreview\" hidden class=\"wp-block-file__embed\" data=\"https:\/\/test.lampart.org.pl\/blog\/wp-content\/uploads\/2023\/08\/ZKS_Lampart_RODO.pdf\" type=\"application\/pdf\" style=\"width:100%;height:600px\" aria-label=\"Osadzone z ZKS_Lampart_RODO.\"><\/object><a id=\"wp-block-file--media-b4afecc1-d44a-4622-885a-d3804aca0fa5\" href=\"https:\/\/test.lampart.org.pl\/blog\/wp-content\/uploads\/2023\/08\/ZKS_Lampart_RODO.pdf\">ZKS_Lampart_RODO<\/a><a href=\"https:\/\/test.lampart.org.pl\/blog\/wp-content\/uploads\/2023\/08\/ZKS_Lampart_RODO.pdf\" class=\"wp-block-file__button wp-element-button\" download aria-describedby=\"wp-block-file--media-b4afecc1-d44a-4622-885a-d3804aca0fa5\">Pobierz<\/a><\/div>\n<\/details>\n\n\n\n<details class=\"wp-block-details has-luminous-vivid-amber-color has-text-color has-link-color wp-elements-06383e1c53d1464738584a732f2871d2 is-layout-flow wp-block-details-is-layout-flow\"><summary>ZKS Lampart deklaracja cz\u0142onkowska<\/summary>\n<div data-wp-interactive=\"core\/file\" class=\"wp-block-file\"><object data-wp-bind--hidden=\"!state.hasPdfPreview\" hidden class=\"wp-block-file__embed\" data=\"https:\/\/test.lampart.org.pl\/blog\/wp-content\/uploads\/2023\/08\/ZKS_Lampart_deklaracja_czlonkowska.pdf\" type=\"application\/pdf\" style=\"width:100%;height:600px\" aria-label=\"Osadzone z ZKS_Lampart_deklaracja_czlonkowska.\"><\/object><a id=\"wp-block-file--media-2f8b4fe3-398e-443e-ad49-c2d574fb70d2\" href=\"https:\/\/test.lampart.org.pl\/blog\/wp-content\/uploads\/2023\/08\/ZKS_Lampart_deklaracja_czlonkowska.pdf\">ZKS_Lampart_deklaracja_czlonkowska<\/a><a href=\"https:\/\/test.lampart.org.pl\/blog\/wp-content\/uploads\/2023\/08\/ZKS_Lampart_deklaracja_czlonkowska.pdf\" class=\"wp-block-file__button wp-element-button\" download aria-describedby=\"wp-block-file--media-2f8b4fe3-398e-443e-ad49-c2d574fb70d2\">Pobierz<\/a><\/div>\n<\/details>\n<\/div><\/div>\n\n\n\n<div class=\"wp-block-uagb-container uagb-block-51c8334c alignfull uagb-is-root-container\"><div class=\"uagb-container-inner-blocks-wrap\">\n<h4><span style=\"color: #ffffff;\">Statut klubu<\/span><\/h4>\n\n\n\n<details class=\"wp-block-details has-luminous-vivid-amber-color has-text-color has-link-color wp-elements-d2c1da38ef5122411b6ae3241235c887 is-layout-flow wp-block-details-is-layout-flow\"><summary>ZKS Lampart statut<\/summary>\n<div data-wp-interactive=\"core\/file\" class=\"wp-block-file\"><object data-wp-bind--hidden=\"!state.hasPdfPreview\" hidden class=\"wp-block-file__embed\" data=\"https:\/\/test.lampart.org.pl\/blog\/wp-content\/uploads\/2023\/08\/ZKS_Lampart_statut_2021.pdf\" type=\"application\/pdf\" style=\"width:100%;height:600px\" aria-label=\"Osadzone z ZKS_Lampart_statut_2021.\"><\/object><a id=\"wp-block-file--media-046fca28-3880-4d1b-b6c3-07f134b3207f\" href=\"https:\/\/test.lampart.org.pl\/blog\/wp-content\/uploads\/2023\/08\/ZKS_Lampart_statut_2021.pdf\">ZKS_Lampart_statut_2021<\/a><a href=\"https:\/\/test.lampart.org.pl\/blog\/wp-content\/uploads\/2023\/08\/ZKS_Lampart_statut_2021.pdf\" class=\"wp-block-file__button wp-element-button\" download aria-describedby=\"wp-block-file--media-046fca28-3880-4d1b-b6c3-07f134b3207f\">Pobierz<\/a><\/div>\n<\/details>\n<\/div><\/div>\n\n\n\n<div class=\"wp-block-uagb-container uagb-block-05ca62c1 alignfull uagb-is-root-container\"><div class=\"uagb-container-inner-blocks-wrap\">\n<h4><strong><span style=\"color: #ffffff;\">Sprawozdania finansowe<\/span><\/strong><\/h4>\n\n\n\n<details class=\"wp-block-details has-luminous-vivid-amber-color has-text-color has-link-color wp-elements-804e0c2c2ce2851c971ec31ecd31d9be is-layout-flow wp-block-details-is-layout-flow\"><summary>Sprawozdanie finansowe Stowarzyszenia Sportowego LKS Potok za rok 2018<\/summary>\n<div data-wp-interactive=\"core\/file\" class=\"wp-block-file\"><object data-wp-bind--hidden=\"!state.hasPdfPreview\" hidden class=\"wp-block-file__embed\" data=\"https:\/\/test.lampart.org.pl\/blog\/wp-content\/uploads\/2020\/03\/Sprawozdanie-Finansowe-POTOK-2018.pdf\" type=\"application\/pdf\" style=\"width:100%;height:600px\" aria-label=\"Osadzone z Sprawozdanie-Finansowe-POTOK-2018.\"><\/object><a id=\"wp-block-file--media-62c2b66f-19e8-484b-b7d7-3ef3ccba42b3\" href=\"https:\/\/test.lampart.org.pl\/blog\/wp-content\/uploads\/2020\/03\/Sprawozdanie-Finansowe-POTOK-2018.pdf\">Sprawozdanie-Finansowe-POTOK-2018<\/a><a href=\"https:\/\/test.lampart.org.pl\/blog\/wp-content\/uploads\/2020\/03\/Sprawozdanie-Finansowe-POTOK-2018.pdf\" class=\"wp-block-file__button wp-element-button\" download aria-describedby=\"wp-block-file--media-62c2b66f-19e8-484b-b7d7-3ef3ccba42b3\">Pobierz<\/a><\/div>\n<\/details>\n\n\n\n<details class=\"wp-block-details has-luminous-vivid-amber-color has-text-color has-link-color wp-elements-c79ed5da013ca7d171f53f3088336b7c is-layout-flow wp-block-details-is-layout-flow\"><summary>Sprawozdanie finansowe Stowarzyszenia Sportowego LKS Potok za rok 2019<\/summary>\n<div data-wp-interactive=\"core\/file\" class=\"wp-block-file\"><object data-wp-bind--hidden=\"!state.hasPdfPreview\" hidden class=\"wp-block-file__embed\" data=\"https:\/\/test.lampart.org.pl\/blog\/wp-content\/uploads\/2020\/03\/Sprawozdanie-Finansowe-POTOK-2019.pdf\" type=\"application\/pdf\" style=\"width:100%;height:600px\" aria-label=\"Osadzone z Sprawozdanie-Finansowe-POTOK-2019.\"><\/object><a id=\"wp-block-file--media-88c67dd7-f2b6-4169-9e87-1d395f1b877a\" href=\"https:\/\/test.lampart.org.pl\/blog\/wp-content\/uploads\/2020\/03\/Sprawozdanie-Finansowe-POTOK-2019.pdf\">Sprawozdanie-Finansowe-POTOK-2019<\/a><a href=\"https:\/\/test.lampart.org.pl\/blog\/wp-content\/uploads\/2020\/03\/Sprawozdanie-Finansowe-POTOK-2019.pdf\" class=\"wp-block-file__button wp-element-button\" download aria-describedby=\"wp-block-file--media-88c67dd7-f2b6-4169-9e87-1d395f1b877a\">Pobierz<\/a><\/div>\n<\/details>\n\n\n\n<details class=\"wp-block-details has-luminous-vivid-amber-color has-text-color has-link-color wp-elements-52ebcb07d5783deabeb91d1565354923 is-layout-flow wp-block-details-is-layout-flow\"><summary>Sprawozdanie finansowe Stowarzyszenia Sportowego LKS Potok za rok 2020<\/summary>\n<div data-wp-interactive=\"core\/file\" class=\"wp-block-file\"><object data-wp-bind--hidden=\"!state.hasPdfPreview\" hidden class=\"wp-block-file__embed\" data=\"https:\/\/test.lampart.org.pl\/blog\/wp-content\/uploads\/2024\/09\/Sprawozdanie-finansowe-ZKS-Lampart-2020.pdf\" type=\"application\/pdf\" style=\"width:100%;height:600px\" aria-label=\"Osadzone z Sprawozdanie finansowe ZKS Lampart 2020.\"><\/object><a id=\"wp-block-file--media-c1bc587e-2729-47c4-820b-f58345f96864\" href=\"https:\/\/test.lampart.org.pl\/blog\/wp-content\/uploads\/2024\/09\/Sprawozdanie-finansowe-ZKS-Lampart-2020.pdf\">Sprawozdanie finansowe ZKS Lampart 2020<\/a><\/div>\n<\/details>\n\n\n\n<details class=\"wp-block-details has-luminous-vivid-amber-color has-text-color has-link-color wp-elements-ae770a870851649e7a9682f1ab050f8a is-layout-flow wp-block-details-is-layout-flow\"><summary>Sprawozdanie finansowe Stowarzyszenia Sportowego LKS Potok za rok 2021<\/summary>\n<div data-wp-interactive=\"core\/file\" class=\"wp-block-file\"><object data-wp-bind--hidden=\"!state.hasPdfPreview\" hidden class=\"wp-block-file__embed\" data=\"https:\/\/test.lampart.org.pl\/blog\/wp-content\/uploads\/2024\/09\/Sprawozdanie-finansowe-ZKS-Lampart-2021.pdf\" type=\"application\/pdf\" style=\"width:100%;height:600px\" aria-label=\"Osadzone z Sprawozdanie finansowe ZKS Lampart 2021.\"><\/object><a id=\"wp-block-file--media-9b826a99-057d-46a5-9f84-5a0d6c181eb3\" href=\"https:\/\/test.lampart.org.pl\/blog\/wp-content\/uploads\/2024\/09\/Sprawozdanie-finansowe-ZKS-Lampart-2021.pdf\">Sprawozdanie finansowe ZKS Lampart 2021<\/a><a href=\"https:\/\/test.lampart.org.pl\/blog\/wp-content\/uploads\/2024\/09\/Sprawozdanie-finansowe-ZKS-Lampart-2021.pdf\" class=\"wp-block-file__button wp-element-button\" download aria-describedby=\"wp-block-file--media-9b826a99-057d-46a5-9f84-5a0d6c181eb3\">Pobierz<\/a><\/div>\n<\/details>\n\n\n\n<details class=\"wp-block-details has-luminous-vivid-amber-color has-text-color has-link-color wp-elements-9a75c95b323de5361866d0ccfee65a02 is-layout-flow wp-block-details-is-layout-flow\"><summary>Sprawozdanie finansowe Stowarzyszenia Sportowego LKS Potok za rok 2022<\/summary>\n<div data-wp-interactive=\"core\/file\" class=\"wp-block-file\"><object data-wp-bind--hidden=\"!state.hasPdfPreview\" hidden class=\"wp-block-file__embed\" data=\"https:\/\/test.lampart.org.pl\/blog\/wp-content\/uploads\/2024\/09\/Sprawozdanie-finansowe-ZKS-Lampart-2022.pdf\" type=\"application\/pdf\" style=\"width:100%;height:600px\" aria-label=\"Osadzone z Sprawozdanie finansowe ZKS Lampart 2022.\"><\/object><a id=\"wp-block-file--media-ec11a663-358a-4898-ba42-be7429eaca40\" href=\"https:\/\/test.lampart.org.pl\/blog\/wp-content\/uploads\/2024\/09\/Sprawozdanie-finansowe-ZKS-Lampart-2022.pdf\">Sprawozdanie finansowe ZKS Lampart 2022<\/a><a href=\"https:\/\/test.lampart.org.pl\/blog\/wp-content\/uploads\/2024\/09\/Sprawozdanie-finansowe-ZKS-Lampart-2022.pdf\" class=\"wp-block-file__button wp-element-button\" download aria-describedby=\"wp-block-file--media-ec11a663-358a-4898-ba42-be7429eaca40\">Pobierz<\/a><\/div>\n<\/details>\n\n\n\n<details class=\"wp-block-details has-luminous-vivid-amber-color has-text-color has-link-color wp-elements-e53240d4719907466ea4bc3bdc2a5a6c is-layout-flow wp-block-details-is-layout-flow\"><summary>Sprawozdanie finansowe Stowarzyszenia Sportowego LKS Potok za rok 2023<\/summary>\n<div data-wp-interactive=\"core\/file\" class=\"wp-block-file\"><object data-wp-bind--hidden=\"!state.hasPdfPreview\" hidden class=\"wp-block-file__embed\" data=\"https:\/\/test.lampart.org.pl\/blog\/wp-content\/uploads\/2024\/09\/Sprawozdanie-finansowe-ZKS-Lampart-2023.pdf\" type=\"application\/pdf\" style=\"width:100%;height:600px\" aria-label=\"Osadzone z Sprawozdanie finansowe ZKS Lampart 2023.\"><\/object><a id=\"wp-block-file--media-20576764-150b-4a6a-bf15-c4562841b0a6\" href=\"https:\/\/test.lampart.org.pl\/blog\/wp-content\/uploads\/2024\/09\/Sprawozdanie-finansowe-ZKS-Lampart-2023.pdf\">Sprawozdanie finansowe ZKS Lampart 2023<\/a><a href=\"https:\/\/test.lampart.org.pl\/blog\/wp-content\/uploads\/2024\/09\/Sprawozdanie-finansowe-ZKS-Lampart-2023.pdf\" class=\"wp-block-file__button wp-element-button\" download aria-describedby=\"wp-block-file--media-20576764-150b-4a6a-bf15-c4562841b0a6\">Pobierz<\/a><\/div>\n<\/details>\n\n\n\n<details class=\"wp-block-details has-luminous-vivid-amber-color has-text-color has-link-color wp-elements-3425cc790660ee015ab20abef2ed9953 is-layout-flow wp-block-details-is-layout-flow\"><summary>Sprawozdanie finansowe Stowarzyszenia Sportowego LKS Potok za rok 2024<\/summary>\n<div data-wp-interactive=\"core\/file\" class=\"wp-block-file\"><object data-wp-bind--hidden=\"!state.hasPdfPreview\" hidden class=\"wp-block-file__embed\" data=\"https:\/\/test.lampart.org.pl\/blog\/wp-content\/uploads\/2024\/09\/Sprawozdanie-finansowe-ZKS-Lampart-2023.pdf\" type=\"application\/pdf\" style=\"width:100%;height:600px\" aria-label=\"Osadzone z Sprawozdanie finansowe ZKS Lampart 2023.\"><\/object><a id=\"wp-block-file--media-a0ebb01c-d12f-4a01-b3eb-4abd425b7131\" href=\"https:\/\/test.lampart.org.pl\/blog\/wp-content\/uploads\/2024\/09\/Sprawozdanie-finansowe-ZKS-Lampart-2023.pdf\">Sprawozdanie finansowe ZKS Lampart 2023<\/a><a href=\"https:\/\/test.lampart.org.pl\/blog\/wp-content\/uploads\/2024\/09\/Sprawozdanie-finansowe-ZKS-Lampart-2023.pdf\" class=\"wp-block-file__button wp-element-button\" download aria-describedby=\"wp-block-file--media-a0ebb01c-d12f-4a01-b3eb-4abd425b7131\">Pobierz<\/a><\/div>\n\n\n\n<p>&nbsp;<\/p>\n<\/details>\n<\/div><\/div>\n\n\n\n<div class=\"wp-block-uagb-container uagb-block-7c30769d alignfull uagb-is-root-container\"><div class=\"uagb-container-inner-blocks-wrap\">\n<h4><span style=\"color: #ffffff;\">Zestawienie otrzymanych dotacji<\/span><\/h4>\n\n\n\n<details class=\"wp-block-details has-luminous-vivid-amber-color has-text-color has-link-color wp-elements-03bc24758d6a584e0b7ee62dc71103d8 is-layout-flow wp-block-details-is-layout-flow\"><summary>Otrzymane dotacje<\/summary>\n<div data-wp-interactive=\"core\/file\" class=\"wp-block-file\"><object data-wp-bind--hidden=\"!state.hasPdfPreview\" hidden class=\"wp-block-file__embed\" data=\"https:\/\/test.lampart.org.pl\/blog\/wp-content\/uploads\/2020\/03\/dotacje-POTOK-2017-2020.pdf\" type=\"application\/pdf\" style=\"width:100%;height:600px\" aria-label=\"Osadzone z dotacje POTOK 2017 2020.\"><\/object><a id=\"wp-block-file--media-7ed63397-39a6-4cf9-bb60-c44307c90913\" href=\"https:\/\/test.lampart.org.pl\/blog\/wp-content\/uploads\/2020\/03\/dotacje-POTOK-2017-2020.pdf\">dotacje POTOK 2017 2020<\/a><a href=\"https:\/\/test.lampart.org.pl\/blog\/wp-content\/uploads\/2020\/03\/dotacje-POTOK-2017-2020.pdf\" class=\"wp-block-file__button wp-element-button\" download aria-describedby=\"wp-block-file--media-7ed63397-39a6-4cf9-bb60-c44307c90913\">Pobierz<\/a><\/div>\n<\/details>\n\n\n\n<h4><span style=\"color: #ffffff;\">Dofinansowania<\/span><\/h4>\n\n\n\n<figure class=\"wp-block-image size-full\"><img decoding=\"async\" width=\"85\" height=\"85\" data-src=\"https:\/\/test.lampart.org.pl\/blog\/wp-content\/uploads\/2024\/04\/ocalic-szanse-e1713182375871.jpg\" alt=\"ocali\u0107 szanse\" class=\"wp-image-4888 lazyload\" src=\"data:image\/svg+xml;base64,PHN2ZyB3aWR0aD0iMSIgaGVpZ2h0PSIxIiB4bWxucz0iaHR0cDovL3d3dy53My5vcmcvMjAwMC9zdmciPjwvc3ZnPg==\" style=\"--smush-placeholder-width: 85px; --smush-placeholder-aspect-ratio: 85\/85;\" \/><\/figure>\n\n\n\n<p><span style=\"color: #ffffff;\">Krakowskie Stowarzyszenie Ocali\u0107 Szans\u0119<\/span><\/p>\n\n\n\n<div class=\"wp-block-uagb-image alignleft uagb-block-30c10ae1 wp-block-uagb-image--layout-default wp-block-uagb-image--effect-static wp-block-uagb-image--align-left\"><figure class=\"wp-block-uagb-image__figure\"><img decoding=\"async\"  data-sizes=\"auto, (max-width: 480px) 150px\" data-src=\"https:\/\/test.lampart.org.pl\/blog\/wp-content\/uploads\/2024\/04\/zabierzow-300x170.png\" alt=\"\" width=\"300\" height=\"170\" title=\"\" role=\"img\" src=\"data:image\/svg+xml;base64,PHN2ZyB3aWR0aD0iMSIgaGVpZ2h0PSIxIiB4bWxucz0iaHR0cDovL3d3dy53My5vcmcvMjAwMC9zdmciPjwvc3ZnPg==\" class=\"lazyload\" style=\"--smush-placeholder-width: 300px; --smush-placeholder-aspect-ratio: 300\/170;\" \/><\/figure><\/div>\n\n\n\n<p><span style=\"color: #ffffff;\">Gminna Komisja Rozwi\u0105zywania Problem\u00f3w Alkoholowych<\/span><\/p>\n<\/div><\/div>\n\n\n\n<p><\/p>\n","protected":false},"excerpt":{"rendered":"<p>DOKUMENTY Dla uczestnik\u00f3w i rodzic\u00f3w Statut klubu Sprawozdania finansowe Zestawienie otrzymanych dotacji Dofinansowania Krakowskie Stowarzyszenie Ocali\u0107 Szans\u0119 Gminna Komisja Rozwi\u0105zywania Problem\u00f3w Alkoholowych<\/p>\n","protected":false},"author":1,"featured_media":0,"parent":0,"menu_order":0,"comment_status":"closed","ping_status":"closed","template":"","meta":{"inline_featured_image":false,"_uag_custom_page_level_css":"","_monsterinsights_skip_tracking":false,"_monsterinsights_sitenote_active":false,"_monsterinsights_sitenote_note":"","_monsterinsights_sitenote_category":0,"footnotes":""},"class_list":["post-5236","page","type-page","status-publish","hentry","no-thumb"],"aioseo_notices":[],"uagb_featured_image_src":{"full":false,"thumbnail":false,"medium":false,"medium_large":false,"large":false,"1536x1536":false,"2048x2048":false,"post-thumbnail":false,"sensei-thumb-s":false,"sensei-thumb-m":false,"sensei-thumb-l":false,"sensei-thumb-xl":false,"sensei-author-avatar":false,"sensei-thumb-240-100":false,"sensei-thumb-560-390":false,"sensei-thumb-800-415":false},"uagb_author_info":{"display_name":"Darek","author_link":"https:\/\/test.lampart.org.pl\/blog\/author\/mariusz\/"},"uagb_comment_info":0,"uagb_excerpt":"DOKUMENTY Dla uczestnik\u00f3w i rodzic\u00f3w Statut klubu Sprawozdania finansowe Zestawienie otrzymanych dotacji Dofinansowania Krakowskie Stowarzyszenie Ocali\u0107 Szans\u0119 Gminna Komisja Rozwi\u0105zywania Problem\u00f3w Alkoholowych","_links":{"self":[{"href":"https:\/\/test.lampart.org.pl\/blog\/wp-json\/wp\/v2\/pages\/5236","targetHints":{"allow":["GET"]}}],"collection":[{"href":"https:\/\/test.lampart.org.pl\/blog\/wp-json\/wp\/v2\/pages"}],"about":[{"href":"https:\/\/test.lampart.org.pl\/blog\/wp-json\/wp\/v2\/types\/page"}],"author":[{"embeddable":true,"href":"https:\/\/test.lampart.org.pl\/blog\/wp-json\/wp\/v2\/users\/1"}],"replies":[{"embeddable":true,"href":"https:\/\/test.lampart.org.pl\/blog\/wp-json\/wp\/v2\/comments?post=5236"}],"version-history":[{"count":19,"href":"https:\/\/test.lampart.org.pl\/blog\/wp-json\/wp\/v2\/pages\/5236\/revisions"}],"predecessor-version":[{"id":5356,"href":"https:\/\/test.lampart.org.pl\/blog\/wp-json\/wp\/v2\/pages\/5236\/revisions\/5356"}],"wp:attachment":[{"href":"https:\/\/test.lampart.org.pl\/blog\/wp-json\/wp\/v2\/media?parent=5236"}],"curies":[{"name":"wp","href":"https:\/\/api.w.org\/{rel}","templated":true}]}}