{"id":5228,"date":"2025-09-17T12:13:09","date_gmt":"2025-09-17T10:13:09","guid":{"rendered":"https:\/\/test.lampart.org.pl\/blog\/?page_id=5228"},"modified":"2025-11-12T19:51:13","modified_gmt":"2025-11-12T18:51:13","slug":"elementor-zarzad","status":"publish","type":"page","link":"https:\/\/test.lampart.org.pl\/blog\/elementor-zarzad\/","title":{"rendered":"Zarz\u0105d"},"content":{"rendered":"\t\t<div data-elementor-type=\"wp-page\" data-elementor-id=\"5228\" class=\"elementor elementor-5228\">\n\t\t\t\t<div class=\"elementor-element elementor-element-8188035 e-con-full e-flex e-con e-parent\" data-id=\"8188035\" data-element_type=\"container\" data-e-type=\"container\">\n\t\t\t\t<div class=\"elementor-element elementor-element-0b1ec6a elementor-widget elementor-widget-text-editor\" data-id=\"0b1ec6a\" data-element_type=\"widget\" data-e-type=\"widget\" data-widget_type=\"text-editor.default\">\n\t\t\t\t\t\t\t\t\t<h2>ZARZ\u0104D KLUBU ZKS LAMPART<\/h2>\t\t\t\t\t\t\t\t<\/div>\n\t\t\t\t<\/div>\n\t\t<div class=\"elementor-element elementor-element-3c622e8 e-flex e-con-boxed e-con e-parent\" data-id=\"3c622e8\" data-element_type=\"container\" data-e-type=\"container\">\n\t\t\t\t\t<div class=\"e-con-inner\">\n\t\t\t\t<div class=\"elementor-element elementor-element-c281801 elementor-widget elementor-widget-spacer\" data-id=\"c281801\" data-element_type=\"widget\" data-e-type=\"widget\" data-widget_type=\"spacer.default\">\n\t\t\t\t\t\t\t<div class=\"elementor-spacer\">\n\t\t\t<div class=\"elementor-spacer-inner\"><\/div>\n\t\t<\/div>\n\t\t\t\t\t\t<\/div>\n\t\t\t\t\t<\/div>\n\t\t\t\t<\/div>\n\t\t<div class=\"elementor-element elementor-element-1736338 e-con-full e-flex e-con e-parent\" data-id=\"1736338\" data-element_type=\"container\" data-e-type=\"container\">\n\t\t<div class=\"elementor-element elementor-element-f7b707d e-con-full e-flex e-con e-child\" data-id=\"f7b707d\" data-element_type=\"container\" data-e-type=\"container\">\n\t\t<div class=\"elementor-element elementor-element-91971d5 e-con-full e-flex e-con e-child\" data-id=\"91971d5\" data-element_type=\"container\" data-e-type=\"container\">\n\t\t\t\t<div class=\"elementor-element elementor-element-bba3f3e elementor-widget elementor-widget-text-editor\" data-id=\"bba3f3e\" data-element_type=\"widget\" data-e-type=\"widget\" data-widget_type=\"text-editor.default\">\n\t\t\t\t\t\t\t\t\t<h4>Sk\u0142ad zarz\u0105du<\/h4><p>Krzysztof Rodek \u2013 prezes \u2013\u00a0<a href=\"mailto:rodek.k@lampart.org.pl\">rodek.k@lampart.org.pl<\/a><\/p><p>Zofia Rodek \u2013 skarbnik<\/p><p>Aleksandra Kalisz \u2013 sekretarz \u2013 <a href=\"mailto:kalisz.a@lampart.org.pl\">kalisz.a@lampart.org.pl<\/a><\/p><p>Jolanta Druka\u0142a \u2013 cz\u0142onek<\/p>\t\t\t\t\t\t\t\t<\/div>\n\t\t\t\t<\/div>\n\t\t\t\t<\/div>\n\t\t<div class=\"elementor-element elementor-element-8fd15ed e-con-full e-flex e-con e-child\" data-id=\"8fd15ed\" data-element_type=\"container\" data-e-type=\"container\">\n\t\t<div class=\"elementor-element elementor-element-bec5ef9 e-con-full e-flex e-con e-child\" data-id=\"bec5ef9\" data-element_type=\"container\" data-e-type=\"container\">\n\t\t\t\t<div class=\"elementor-element elementor-element-17041f9 elementor-widget elementor-widget-text-editor\" data-id=\"17041f9\" data-element_type=\"widget\" data-e-type=\"widget\" data-widget_type=\"text-editor.default\">\n\t\t\t\t\t\t\t\t\t<h4>Sk\u0142ad komisji rewizyjnej<\/h4><p>Agnieszka Rozmus \u2013 przewodnicz\u0105cy<\/p><p>Anna Cie\u015blik \u2013 cz\u0142onek<\/p><p>Mariusz Chucherko \u2013 cz\u0142onek\u00a0<\/p>\t\t\t\t\t\t\t\t<\/div>\n\t\t\t\t<\/div>\n\t\t\t\t<\/div>\n\t\t\t\t<\/div>\n\t\t\t\t<\/div>\n\t\t","protected":false},"excerpt":{"rendered":"<p>ZARZ\u0104D KLUBU ZKS LAMPART Sk\u0142ad zarz\u0105du Krzysztof Rodek \u2013 prezes \u2013\u00a0rodek.k@lampart.org.pl Zofia Rodek \u2013 skarbnik Aleksandra Kalisz \u2013 sekretarz \u2013 kalisz.a@lampart.org.pl Jolanta Druka\u0142a \u2013 cz\u0142onek Sk\u0142ad komisji rewizyjnej Agnieszka Rozmus \u2013 przewodnicz\u0105cy Anna Cie\u015blik \u2013 cz\u0142onek Mariusz Chucherko \u2013 cz\u0142onek\u00a0<\/p>\n","protected":false},"author":1,"featured_media":0,"parent":0,"menu_order":0,"comment_status":"closed","ping_status":"closed","template":"","meta":{"inline_featured_image":false,"_uag_custom_page_level_css":"","_monsterinsights_skip_tracking":false,"_monsterinsights_sitenote_active":false,"_monsterinsights_sitenote_note":"","_monsterinsights_sitenote_category":0,"footnotes":""},"class_list":["post-5228","page","type-page","status-publish","hentry","no-thumb"],"aioseo_notices":[],"uagb_featured_image_src":{"full":false,"thumbnail":false,"medium":false,"medium_large":false,"large":false,"1536x1536":false,"2048x2048":false,"post-thumbnail":false,"sensei-thumb-s":false,"sensei-thumb-m":false,"sensei-thumb-l":false,"sensei-thumb-xl":false,"sensei-author-avatar":false,"sensei-thumb-240-100":false,"sensei-thumb-560-390":false,"sensei-thumb-800-415":false},"uagb_author_info":{"display_name":"Darek","author_link":"https:\/\/test.lampart.org.pl\/blog\/author\/mariusz\/"},"uagb_comment_info":0,"uagb_excerpt":"ZARZ\u0104D KLUBU ZKS LAMPART Sk\u0142ad zarz\u0105du Krzysztof Rodek \u2013 prezes \u2013\u00a0rodek.k@lampart.org.pl Zofia Rodek \u2013 skarbnik Aleksandra Kalisz \u2013 sekretarz \u2013 kalisz.a@lampart.org.pl Jolanta Druka\u0142a \u2013 cz\u0142onek Sk\u0142ad komisji rewizyjnej Agnieszka Rozmus \u2013 przewodnicz\u0105cy Anna Cie\u015blik \u2013 cz\u0142onek Mariusz Chucherko \u2013 cz\u0142onek\u00a0","_links":{"self":[{"href":"https:\/\/test.lampart.org.pl\/blog\/wp-json\/wp\/v2\/pages\/5228","targetHints":{"allow":["GET"]}}],"collection":[{"href":"https:\/\/test.lampart.org.pl\/blog\/wp-json\/wp\/v2\/pages"}],"about":[{"href":"https:\/\/test.lampart.org.pl\/blog\/wp-json\/wp\/v2\/types\/page"}],"author":[{"embeddable":true,"href":"https:\/\/test.lampart.org.pl\/blog\/wp-json\/wp\/v2\/users\/1"}],"replies":[{"embeddable":true,"href":"https:\/\/test.lampart.org.pl\/blog\/wp-json\/wp\/v2\/comments?post=5228"}],"version-history":[{"count":8,"href":"https:\/\/test.lampart.org.pl\/blog\/wp-json\/wp\/v2\/pages\/5228\/revisions"}],"predecessor-version":[{"id":5357,"href":"https:\/\/test.lampart.org.pl\/blog\/wp-json\/wp\/v2\/pages\/5228\/revisions\/5357"}],"wp:attachment":[{"href":"https:\/\/test.lampart.org.pl\/blog\/wp-json\/wp\/v2\/media?parent=5228"}],"curies":[{"name":"wp","href":"https:\/\/api.w.org\/{rel}","templated":true}]}}