{"id":5217,"date":"2025-09-16T15:13:26","date_gmt":"2025-09-16T13:13:26","guid":{"rendered":"https:\/\/test.lampart.org.pl\/blog\/?page_id=5217"},"modified":"2025-11-12T19:49:19","modified_gmt":"2025-11-12T18:49:19","slug":"elementor-harmonogram","status":"publish","type":"page","link":"https:\/\/test.lampart.org.pl\/blog\/elementor-harmonogram\/","title":{"rendered":"Harmonogram"},"content":{"rendered":"\t\t<div data-elementor-type=\"wp-page\" data-elementor-id=\"5217\" class=\"elementor elementor-5217\">\n\t\t\t\t<div class=\"elementor-element elementor-element-c56a549 e-con-full e-flex e-con e-parent\" data-id=\"c56a549\" data-element_type=\"container\" data-e-type=\"container\">\n\t\t\t\t<div class=\"elementor-element elementor-element-b76e360 elementor-widget elementor-widget-text-editor\" data-id=\"b76e360\" data-element_type=\"widget\" data-e-type=\"widget\" data-widget_type=\"text-editor.default\">\n\t\t\t\t\t\t\t\t\t<div class=\"tm_pb_text tm_pb_module tm_pb_bg_layout_light tm_pb_text_align_left tm_pb_text_0\"><div class=\"main-title nomargin\"><h2>Harmonogram trening\u00f3w Kung Fu<br \/><br \/><\/h2><h3>w sezonie 2024\/2025<br \/><br \/><\/h3><\/div><\/div><hr class=\"tm_pb_module tm_pb_space tm_pb_divider_0\" \/><div class=\"tm_pb_text tm_pb_module tm_pb_bg_layout_light tm_pb_text_align_left tm_pb_text_1\"><p>Zobacz harmonogram trening\u00f3w Kung Fu w ZKS Lampart. Grupy prowadzone s\u0105 z podzia\u0142em wed\u0142ug stopnia zaawansowania oraz wieku. Zaj\u0119cia przeznaczone s\u0105 dla dzieci, starszej m\u0142odzie\u017cy i doros\u0142ych. Znajd\u017a grup\u0119 dla siebie!<\/p><\/div>\t\t\t\t\t\t\t\t<\/div>\n\t\t\t\t<div class=\"elementor-element elementor-element-5a3adf0 elementor-widget elementor-widget-image\" data-id=\"5a3adf0\" data-element_type=\"widget\" data-e-type=\"widget\" data-widget_type=\"image.default\">\n\t\t\t\t\t\t\t\t\t\t\t\t\t\t\t<img fetchpriority=\"high\" decoding=\"async\" width=\"863\" height=\"1024\" src=\"https:\/\/test.lampart.org.pl\/blog\/wp-content\/uploads\/2024\/12\/harmonogram-2025-863x1024.png\" class=\"attachment-large size-large wp-image-4915\" alt=\"\" srcset=\"https:\/\/test.lampart.org.pl\/blog\/wp-content\/uploads\/2024\/12\/harmonogram-2025-863x1024.png 863w, https:\/\/test.lampart.org.pl\/blog\/wp-content\/uploads\/2024\/12\/harmonogram-2025-253x300.png 253w, https:\/\/test.lampart.org.pl\/blog\/wp-content\/uploads\/2024\/12\/harmonogram-2025-768x911.png 768w, https:\/\/test.lampart.org.pl\/blog\/wp-content\/uploads\/2024\/12\/harmonogram-2025-1294x1536.png 1294w, https:\/\/test.lampart.org.pl\/blog\/wp-content\/uploads\/2024\/12\/harmonogram-2025.png 1500w\" sizes=\"(max-width: 863px) 100vw, 863px\" \/>\t\t\t\t\t\t\t\t\t\t\t\t\t\t\t<\/div>\n\t\t\t\t<\/div>\n\t\t\t\t<\/div>\n\t\t","protected":false},"excerpt":{"rendered":"<p>Harmonogram trening\u00f3w Kung Fu w sezonie 2024\/2025 Zobacz harmonogram trening\u00f3w Kung Fu w ZKS Lampart. Grupy prowadzone s\u0105 z podzia\u0142em wed\u0142ug stopnia zaawansowania oraz wieku. Zaj\u0119cia przeznaczone s\u0105 dla dzieci, starszej m\u0142odzie\u017cy i doros\u0142ych. Znajd\u017a grup\u0119 dla siebie!<\/p>\n","protected":false},"author":1,"featured_media":0,"parent":0,"menu_order":0,"comment_status":"closed","ping_status":"closed","template":"","meta":{"inline_featured_image":false,"_uag_custom_page_level_css":"","_monsterinsights_skip_tracking":false,"_monsterinsights_sitenote_active":false,"_monsterinsights_sitenote_note":"","_monsterinsights_sitenote_category":0,"footnotes":""},"class_list":["post-5217","page","type-page","status-publish","hentry","no-thumb"],"aioseo_notices":[],"uagb_featured_image_src":{"full":false,"thumbnail":false,"medium":false,"medium_large":false,"large":false,"1536x1536":false,"2048x2048":false,"post-thumbnail":false,"sensei-thumb-s":false,"sensei-thumb-m":false,"sensei-thumb-l":false,"sensei-thumb-xl":false,"sensei-author-avatar":false,"sensei-thumb-240-100":false,"sensei-thumb-560-390":false,"sensei-thumb-800-415":false},"uagb_author_info":{"display_name":"Darek","author_link":"https:\/\/test.lampart.org.pl\/blog\/author\/mariusz\/"},"uagb_comment_info":0,"uagb_excerpt":"Harmonogram trening\u00f3w Kung Fu w sezonie 2024\/2025 Zobacz harmonogram trening\u00f3w Kung Fu w ZKS Lampart. Grupy prowadzone s\u0105 z podzia\u0142em wed\u0142ug stopnia zaawansowania oraz wieku. Zaj\u0119cia przeznaczone s\u0105 dla dzieci, starszej m\u0142odzie\u017cy i doros\u0142ych. Znajd\u017a grup\u0119 dla siebie!","_links":{"self":[{"href":"https:\/\/test.lampart.org.pl\/blog\/wp-json\/wp\/v2\/pages\/5217","targetHints":{"allow":["GET"]}}],"collection":[{"href":"https:\/\/test.lampart.org.pl\/blog\/wp-json\/wp\/v2\/pages"}],"about":[{"href":"https:\/\/test.lampart.org.pl\/blog\/wp-json\/wp\/v2\/types\/page"}],"author":[{"embeddable":true,"href":"https:\/\/test.lampart.org.pl\/blog\/wp-json\/wp\/v2\/users\/1"}],"replies":[{"embeddable":true,"href":"https:\/\/test.lampart.org.pl\/blog\/wp-json\/wp\/v2\/comments?post=5217"}],"version-history":[{"count":5,"href":"https:\/\/test.lampart.org.pl\/blog\/wp-json\/wp\/v2\/pages\/5217\/revisions"}],"predecessor-version":[{"id":5352,"href":"https:\/\/test.lampart.org.pl\/blog\/wp-json\/wp\/v2\/pages\/5217\/revisions\/5352"}],"wp:attachment":[{"href":"https:\/\/test.lampart.org.pl\/blog\/wp-json\/wp\/v2\/media?parent=5217"}],"curies":[{"name":"wp","href":"https:\/\/api.w.org\/{rel}","templated":true}]}}