{"id":5212,"date":"2025-09-16T15:10:12","date_gmt":"2025-09-16T13:10:12","guid":{"rendered":"https:\/\/test.lampart.org.pl\/blog\/?page_id=5212"},"modified":"2026-04-03T16:37:20","modified_gmt":"2026-04-03T14:37:20","slug":"cennik","status":"publish","type":"page","link":"https:\/\/test.lampart.org.pl\/blog\/cennik\/","title":{"rendered":"Cennik"},"content":{"rendered":"\t\t<div data-elementor-type=\"wp-page\" data-elementor-id=\"5212\" class=\"elementor elementor-5212\">\n\t\t\t\t<div class=\"elementor-element elementor-element-3f78398 e-flex e-con-boxed e-con e-parent\" data-id=\"3f78398\" data-element_type=\"container\" data-e-type=\"container\">\n\t\t\t\t\t<div class=\"e-con-inner\">\n\t\t\t\t<div class=\"elementor-element elementor-element-ba8c8e3 elementor-widget elementor-widget-text-editor\" data-id=\"ba8c8e3\" data-element_type=\"widget\" data-e-type=\"widget\" data-widget_type=\"text-editor.default\">\n\t\t\t\t\t\t\t\t\t<h2>Cennik i p\u0142atno\u015bci<\/h2>\t\t\t\t\t\t\t\t<\/div>\n\t\t\t\t\t<\/div>\n\t\t\t\t<\/div>\n\t\t<div class=\"elementor-element elementor-element-e996c1e e-flex e-con-boxed e-con e-parent\" data-id=\"e996c1e\" data-element_type=\"container\" data-e-type=\"container\">\n\t\t\t\t\t<div class=\"e-con-inner\">\n\t\t<div class=\"elementor-element elementor-element-ee386d7 e-con-full e-flex e-con e-child\" data-id=\"ee386d7\" data-element_type=\"container\" data-e-type=\"container\">\n\t\t<div class=\"elementor-element elementor-element-1451d21 e-con-full e-flex e-con e-child\" data-id=\"1451d21\" data-element_type=\"container\" data-e-type=\"container\">\n\t\t\t\t<div class=\"elementor-element elementor-element-7c8eca7 elementor-widget elementor-widget-text-editor\" data-id=\"7c8eca7\" data-element_type=\"widget\" data-e-type=\"widget\" data-widget_type=\"text-editor.default\">\n\t\t\t\t\t\t\t\t\t<div class=\"tm_pb_text tm_pb_module tm_pb_bg_layout_light tm_pb_text_align_left  tm_pb_text_1\"><h4>Dane do przelewu:<\/h4><\/div><div class=\"tm_pb_text tm_pb_module tm_pb_bg_layout_light tm_pb_text_align_left  tm_pb_text_2\"><p>Zabierzowski Klub Sportowy Lampart<\/p><p>77 1090 1665 0000 0001 4329 3242<\/p><p>W tytule przelewu nale\u017cy poda\u0107<br \/><strong>Sk\u0142adka cz\u0142onkowska, nazwisko i imi\u0119 uczestnika, miesi\u0105c i rok<br \/><\/strong>(np. Sk\u0142adka cz\u0142onkowska, Kowalski Jan, wrzesie\u0144 2022)<\/p><p>Sk\u0142adki przekazane w innej formie, z innym tytu\u0142em p\u0142atno\u015bci mog\u0105 by\u0107 zwracane i uznane zanieop\u0142acone.<\/p><p><strong>Op\u0142aty nale\u017cy dokonywa\u0107 do 10. dnia danego miesi\u0105ca.<\/strong><\/p><\/div>\t\t\t\t\t\t\t\t<\/div>\n\t\t\t\t<\/div>\n\t\t\t\t<\/div>\n\t\t<div class=\"elementor-element elementor-element-36e2246 e-con-full e-flex e-con e-child\" data-id=\"36e2246\" data-element_type=\"container\" data-e-type=\"container\">\n\t\t<div class=\"elementor-element elementor-element-d0dc516 e-con-full e-flex e-con e-child\" data-id=\"d0dc516\" data-element_type=\"container\" data-e-type=\"container\">\n\t\t\t\t<div class=\"elementor-element elementor-element-6b2f4ba elementor-widget elementor-widget-text-editor\" data-id=\"6b2f4ba\" data-element_type=\"widget\" data-e-type=\"widget\" data-widget_type=\"text-editor.default\">\n\t\t\t\t\t\t\t\t\t<div class=\"tm_pb_text tm_pb_module tm_pb_bg_layout_light tm_pb_text_align_left  tm_pb_text_3\"><h4>Sk\u0142adki cz\u0142onkowskie:<\/h4><\/div><div class=\"tm_pb_text tm_pb_module tm_pb_bg_layout_light tm_pb_text_align_left  tm_pb_text_4\"><p><strong>1 trening w tygodniu: 120 z\u0142 miesi\u0119cznie<\/strong><br \/><strong>2 treningi w tygodniu: 140 z\u0142 miesi\u0119cznie<\/strong><br \/><strong>3 treningi w tygodniu: 160 z\u0142 miesi\u0119cznie<\/strong><\/p><\/div>\t\t\t\t\t\t\t\t<\/div>\n\t\t\t\t<\/div>\n\t\t\t\t<\/div>\n\t\t\t\t\t<\/div>\n\t\t\t\t<\/div>\n\t\t<div class=\"elementor-element elementor-element-bf260d2 e-flex e-con-boxed e-con e-parent\" data-id=\"bf260d2\" data-element_type=\"container\" data-e-type=\"container\">\n\t\t\t\t\t<div class=\"e-con-inner\">\n\t\t\t\t<div class=\"elementor-element elementor-element-4a8a907 elementor-widget elementor-widget-text-editor\" data-id=\"4a8a907\" data-element_type=\"widget\" data-e-type=\"widget\" data-widget_type=\"text-editor.default\">\n\t\t\t\t\t\t\t\t\t<h3>Jeste\u015bmy organizacj\u0105 non-profit.<\/h3><h3>Niskie miesi\u0119czne sk\u0142adki s\u0105 mo\u017cliwe dzi\u0119ki wsparciu Gminy Zabierz\u00f3w.<\/h3>\t\t\t\t\t\t\t\t<\/div>\n\t\t\t\t\t<\/div>\n\t\t\t\t<\/div>\n\t\t\t\t<\/div>\n\t\t","protected":false},"excerpt":{"rendered":"<p>Cennik i p\u0142atno\u015bci Dane do przelewu: Zabierzowski Klub Sportowy Lampart 77 1090 1665 0000 0001 4329 3242 W tytule przelewu nale\u017cy poda\u0107Sk\u0142adka cz\u0142onkowska, nazwisko i imi\u0119 uczestnika, miesi\u0105c i rok(np. Sk\u0142adka cz\u0142onkowska, Kowalski Jan, wrzesie\u0144 2022) Sk\u0142adki przekazane w innej formie, z innym tytu\u0142em p\u0142atno\u015bci mog\u0105 by\u0107 zwracane i uznane zanieop\u0142acone. Op\u0142aty nale\u017cy dokonywa\u0107 do &hellip;<\/p>\n","protected":false},"author":1,"featured_media":0,"parent":0,"menu_order":0,"comment_status":"closed","ping_status":"closed","template":"","meta":{"inline_featured_image":false,"_uag_custom_page_level_css":"","_monsterinsights_skip_tracking":false,"_monsterinsights_sitenote_active":false,"_monsterinsights_sitenote_note":"","_monsterinsights_sitenote_category":0,"footnotes":""},"class_list":["post-5212","page","type-page","status-publish","hentry","no-thumb"],"aioseo_notices":[],"uagb_featured_image_src":{"full":false,"thumbnail":false,"medium":false,"medium_large":false,"large":false,"1536x1536":false,"2048x2048":false,"post-thumbnail":false,"sensei-thumb-s":false,"sensei-thumb-m":false,"sensei-thumb-l":false,"sensei-thumb-xl":false,"sensei-author-avatar":false,"sensei-thumb-240-100":false,"sensei-thumb-560-390":false,"sensei-thumb-800-415":false},"uagb_author_info":{"display_name":"Darek","author_link":"https:\/\/test.lampart.org.pl\/blog\/author\/mariusz\/"},"uagb_comment_info":0,"uagb_excerpt":"Cennik i p\u0142atno\u015bci Dane do przelewu: Zabierzowski Klub Sportowy Lampart 77 1090 1665 0000 0001 4329 3242 W tytule przelewu nale\u017cy poda\u0107Sk\u0142adka cz\u0142onkowska, nazwisko i imi\u0119 uczestnika, miesi\u0105c i rok(np. Sk\u0142adka cz\u0142onkowska, Kowalski Jan, wrzesie\u0144 2022) Sk\u0142adki przekazane w innej formie, z innym tytu\u0142em p\u0142atno\u015bci mog\u0105 by\u0107 zwracane i uznane zanieop\u0142acone. Op\u0142aty nale\u017cy dokonywa\u0107 do&hellip;","_links":{"self":[{"href":"https:\/\/test.lampart.org.pl\/blog\/wp-json\/wp\/v2\/pages\/5212","targetHints":{"allow":["GET"]}}],"collection":[{"href":"https:\/\/test.lampart.org.pl\/blog\/wp-json\/wp\/v2\/pages"}],"about":[{"href":"https:\/\/test.lampart.org.pl\/blog\/wp-json\/wp\/v2\/types\/page"}],"author":[{"embeddable":true,"href":"https:\/\/test.lampart.org.pl\/blog\/wp-json\/wp\/v2\/users\/1"}],"replies":[{"embeddable":true,"href":"https:\/\/test.lampart.org.pl\/blog\/wp-json\/wp\/v2\/comments?post=5212"}],"version-history":[{"count":7,"href":"https:\/\/test.lampart.org.pl\/blog\/wp-json\/wp\/v2\/pages\/5212\/revisions"}],"predecessor-version":[{"id":5403,"href":"https:\/\/test.lampart.org.pl\/blog\/wp-json\/wp\/v2\/pages\/5212\/revisions\/5403"}],"wp:attachment":[{"href":"https:\/\/test.lampart.org.pl\/blog\/wp-json\/wp\/v2\/media?parent=5212"}],"curies":[{"name":"wp","href":"https:\/\/api.w.org\/{rel}","templated":true}]}}